{"id":901,"date":"2023-06-15T16:44:56","date_gmt":"2023-06-15T14:44:56","guid":{"rendered":"https:\/\/ladressedubienetre.fr\/?page_id=901"},"modified":"2023-07-19T11:05:00","modified_gmt":"2023-07-19T09:05:00","slug":"les-soins-de-lhabitat","status":"publish","type":"page","link":"https:\/\/ladressedubienetre.fr\/index.php\/les-soins-de-lhabitat\/","title":{"rendered":"Les soins de l&rsquo;habitat"},"content":{"rendered":"\t\t<div data-elementor-type=\"wp-page\" data-elementor-id=\"901\" class=\"elementor elementor-901\" data-elementor-post-type=\"page\">\n\t\t\t\t\t\t\t\t\t<section class=\"elementor-section elementor-top-section elementor-element elementor-element-60664377 elementor-section-content-middle elementor-section-boxed elementor-section-height-default elementor-section-height-default\" data-id=\"60664377\" data-element_type=\"section\">\n\t\t\t\t\t\t<div class=\"elementor-container elementor-column-gap-no\">\n\t\t\t\t\t<div class=\"elementor-column elementor-col-50 elementor-top-column elementor-element elementor-element-6337d57b\" data-id=\"6337d57b\" data-element_type=\"column\">\n\t\t\t<div class=\"elementor-widget-wrap elementor-element-populated\">\n\t\t\t\t\t\t\t\t<div class=\"elementor-element elementor-element-16375097 elementor-hidden-tablet elementor-hidden-mobile elementor-widget elementor-widget-image\" data-id=\"16375097\" data-element_type=\"widget\" data-widget_type=\"image.default\">\n\t\t\t\t<div class=\"elementor-widget-container\">\n\t\t\t<style>\/*! elementor - v3.15.0 - 20-08-2023 *\/\n.elementor-widget-image{text-align:center}.elementor-widget-image a{display:inline-block}.elementor-widget-image a img[src$=\".svg\"]{width:48px}.elementor-widget-image img{vertical-align:middle;display:inline-block}<\/style>\t\t\t\t\t\t\t\t\t\t\t\t<img loading=\"lazy\" decoding=\"async\" width=\"853\" height=\"1280\" src=\"https:\/\/ladressedubienetre.fr\/wp-content\/uploads\/2023\/05\/harmony-g9e117261f_1280.jpg\" class=\"attachment-full size-full wp-image-219\" alt=\"\" srcset=\"https:\/\/ladressedubienetre.fr\/wp-content\/uploads\/2023\/05\/harmony-g9e117261f_1280.jpg 853w, https:\/\/ladressedubienetre.fr\/wp-content\/uploads\/2023\/05\/harmony-g9e117261f_1280-200x300.jpg 200w, https:\/\/ladressedubienetre.fr\/wp-content\/uploads\/2023\/05\/harmony-g9e117261f_1280-682x1024.jpg 682w, https:\/\/ladressedubienetre.fr\/wp-content\/uploads\/2023\/05\/harmony-g9e117261f_1280-768x1152.jpg 768w\" sizes=\"auto, (max-width: 853px) 100vw, 853px\" \/>\t\t\t\t\t\t\t\t\t\t\t\t\t\t\t<\/div>\n\t\t\t\t<\/div>\n\t\t\t\t\t<\/div>\n\t\t<\/div>\n\t\t\t\t<div class=\"elementor-column elementor-col-50 elementor-top-column elementor-element elementor-element-1333c367\" data-id=\"1333c367\" data-element_type=\"column\">\n\t\t\t<div class=\"elementor-widget-wrap elementor-element-populated\">\n\t\t\t\t\t\t\t\t<div class=\"elementor-element elementor-element-6243cc84 elementor-widget elementor-widget-heading\" data-id=\"6243cc84\" data-element_type=\"widget\" data-widget_type=\"heading.default\">\n\t\t\t\t<div class=\"elementor-widget-container\">\n\t\t\t<style>\/*! elementor - v3.15.0 - 20-08-2023 *\/\n.elementor-heading-title{padding:0;margin:0;line-height:1}.elementor-widget-heading .elementor-heading-title[class*=elementor-size-]>a{color:inherit;font-size:inherit;line-height:inherit}.elementor-widget-heading .elementor-heading-title.elementor-size-small{font-size:15px}.elementor-widget-heading .elementor-heading-title.elementor-size-medium{font-size:19px}.elementor-widget-heading .elementor-heading-title.elementor-size-large{font-size:29px}.elementor-widget-heading .elementor-heading-title.elementor-size-xl{font-size:39px}.elementor-widget-heading .elementor-heading-title.elementor-size-xxl{font-size:59px}<\/style><h4 class=\"elementor-heading-title elementor-size-default\">Consultation Habitat<\/h4>\t\t<\/div>\n\t\t\t\t<\/div>\n\t\t\t\t<div class=\"elementor-element elementor-element-7ff11c59 elementor-widget elementor-widget-text-editor\" data-id=\"7ff11c59\" data-element_type=\"widget\" data-widget_type=\"text-editor.default\">\n\t\t\t\t<div class=\"elementor-widget-container\">\n\t\t\t<style>\/*! elementor - v3.15.0 - 20-08-2023 *\/\n.elementor-widget-text-editor.elementor-drop-cap-view-stacked .elementor-drop-cap{background-color:#69727d;color:#fff}.elementor-widget-text-editor.elementor-drop-cap-view-framed .elementor-drop-cap{color:#69727d;border:3px solid;background-color:transparent}.elementor-widget-text-editor:not(.elementor-drop-cap-view-default) .elementor-drop-cap{margin-top:8px}.elementor-widget-text-editor:not(.elementor-drop-cap-view-default) .elementor-drop-cap-letter{width:1em;height:1em}.elementor-widget-text-editor .elementor-drop-cap{float:left;text-align:center;line-height:1;font-size:50px}.elementor-widget-text-editor .elementor-drop-cap-letter{display:inline-block}<\/style>\t\t\t\t<p>Chaque lieu \u00e0 sa propre vibration, histoire, \u00e9nergie. Spontan\u00e9ment nous sommes en r\u00e9sonnance avec, et nous nous sentirons ou pas \u00e0 l\u2019aise dans ce lieu .<\/p><p>Notre lieu de vie est \u00e0 notre image, si nous nous trouvons ou nous sommes c\u2019est qu\u2019il y a une raison ,ce lieu nous accompagne dans notre processus d\u2019\u00e9volution .<\/p><p>De la m\u00eame fa\u00e7on que nous prenons soin de nous, il faut prendre soin de notre lieu de vie car il peut \u00eatre \u00e0 l\u2019origine d\u2019une probl\u00e9matique que nous vivons.<\/p><p>C\u2019est pourquoi il est important de travailler sur l\u2019harmonisation \u00e9nerg\u00e9tique et la m\u00e9moire des lieux de fa\u00e7on a harmoniser le lieu pour le bien-\u00eatre de tous .<\/p>\t\t\t\t\t\t<\/div>\n\t\t\t\t<\/div>\n\t\t\t\t\t<\/div>\n\t\t<\/div>\n\t\t\t\t\t\t\t<\/div>\n\t\t<\/section>\n\t\t\t\t<section class=\"elementor-section elementor-top-section elementor-element elementor-element-fb38bf4 elementor-section-boxed elementor-section-height-default elementor-section-height-default\" data-id=\"fb38bf4\" data-element_type=\"section\" data-settings=\"{&quot;background_background&quot;:&quot;classic&quot;}\">\n\t\t\t\t\t\t<div class=\"elementor-container elementor-column-gap-default\">\n\t\t\t\t\t<div class=\"elementor-column elementor-col-100 elementor-top-column elementor-element elementor-element-50deaa2\" data-id=\"50deaa2\" data-element_type=\"column\">\n\t\t\t<div class=\"elementor-widget-wrap elementor-element-populated\">\n\t\t\t\t\t\t\t\t<div class=\"elementor-element elementor-element-fe3af0a elementor-widget elementor-widget-text-editor\" data-id=\"fe3af0a\" data-element_type=\"widget\" data-widget_type=\"text-editor.default\">\n\t\t\t\t<div class=\"elementor-widget-container\">\n\t\t\t\t\t\t\t<p><strong>La lib\u00e9ration d\u2019empreintes \u00e9nerg\u00e9tique est importante ainsi que la restructuration des r\u00e9seaux<\/strong><\/p>\t\t\t\t\t\t<\/div>\n\t\t\t\t<\/div>\n\t\t\t\t\t<\/div>\n\t\t<\/div>\n\t\t\t\t\t\t\t<\/div>\n\t\t<\/section>\n\t\t\t\t\t\t\t<\/div>\n\t\t","protected":false},"excerpt":{"rendered":"<p>Consultation Habitat Chaque lieu \u00e0 sa propre vibration, histoire, \u00e9nergie. Spontan\u00e9ment nous sommes en r\u00e9sonnance avec, et nous nous sentirons ou pas \u00e0 l\u2019aise dans ce lieu . Notre lieu de vie est \u00e0 notre image, si nous nous trouvons ou nous sommes c\u2019est qu\u2019il y a une raison ,ce lieu nous accompagne dans notre &hellip;<\/p>\n<p class=\"read-more\"> <a class=\"\" href=\"https:\/\/ladressedubienetre.fr\/index.php\/les-soins-de-lhabitat\/\"> <span class=\"screen-reader-text\">Les soins de l&rsquo;habitat<\/span> Lire la suite\u00a0\u00bb<\/a><\/p>\n","protected":false},"author":2,"featured_media":0,"parent":0,"menu_order":0,"comment_status":"closed","ping_status":"closed","template":"","meta":{"site-sidebar-layout":"no-sidebar","site-content-layout":"page-builder","ast-global-header-display":"","ast-banner-title-visibility":"","ast-main-header-display":"","ast-hfb-above-header-display":"","ast-hfb-below-header-display":"","ast-hfb-mobile-header-display":"","site-post-title":"disabled","ast-breadcrumbs-content":"","ast-featured-img":"disabled","footer-sml-layout":"","theme-transparent-header-meta":"","adv-header-id-meta":"","stick-header-meta":"","header-above-stick-meta":"","header-main-stick-meta":"","header-below-stick-meta":"","_themeisle_gutenberg_block_has_review":false,"footnotes":""},"class_list":["post-901","page","type-page","status-publish","hentry"],"_links":{"self":[{"href":"https:\/\/ladressedubienetre.fr\/index.php\/wp-json\/wp\/v2\/pages\/901","targetHints":{"allow":["GET"]}}],"collection":[{"href":"https:\/\/ladressedubienetre.fr\/index.php\/wp-json\/wp\/v2\/pages"}],"about":[{"href":"https:\/\/ladressedubienetre.fr\/index.php\/wp-json\/wp\/v2\/types\/page"}],"author":[{"embeddable":true,"href":"https:\/\/ladressedubienetre.fr\/index.php\/wp-json\/wp\/v2\/users\/2"}],"replies":[{"embeddable":true,"href":"https:\/\/ladressedubienetre.fr\/index.php\/wp-json\/wp\/v2\/comments?post=901"}],"version-history":[{"count":7,"href":"https:\/\/ladressedubienetre.fr\/index.php\/wp-json\/wp\/v2\/pages\/901\/revisions"}],"predecessor-version":[{"id":1126,"href":"https:\/\/ladressedubienetre.fr\/index.php\/wp-json\/wp\/v2\/pages\/901\/revisions\/1126"}],"wp:attachment":[{"href":"https:\/\/ladressedubienetre.fr\/index.php\/wp-json\/wp\/v2\/media?parent=901"}],"curies":[{"name":"wp","href":"https:\/\/api.w.org\/{rel}","templated":true}]}}